{"id":117,"date":"2026-02-05T15:07:28","date_gmt":"2026-02-05T15:07:28","guid":{"rendered":"https:\/\/camping-lecastella.com\/?page_id=117"},"modified":"2026-02-12T17:29:21","modified_gmt":"2026-02-12T17:29:21","slug":"nos-chalets","status":"publish","type":"page","link":"https:\/\/camping-lecastella.com\/index.php\/nos-chalets\/","title":{"rendered":"Nos chalets"},"content":{"rendered":"\n<h2 class=\"wp-block-heading\">Location de chalet en Ari\u00e8ge<\/h2>\n\n\n\n<p>Vous trouverez nos 9 chalets bois,&nbsp;group\u00e9s par 3 enti\u00e8rement \u00e9quip\u00e9s pour&nbsp;5 personnes. Ils sont ind\u00e9pendants du camping seulement \u00e0 500 m\u00e8tres \u00e0 l\u2019entr\u00e9e du camping . La location en chalet reste ouverte toute l\u2019ann\u00e9e.<\/p>\n\n\n\n\n\n\n\n\n\n\n\n\n\n<div class=\"wp-block-columns is-layout-flex wp-container-core-columns-is-layout-28f84493 wp-block-columns-is-layout-flex\">\n<div class=\"wp-block-column is-layout-flow wp-block-column-is-layout-flow\"><\/div>\n\n\n\n<div class=\"wp-block-column is-layout-flow wp-block-column-is-layout-flow\"><\/div>\n<\/div>\n\n\n\n<p><\/p>\n","protected":false},"excerpt":{"rendered":"<p>Location de chalet en Ari\u00e8ge Vous trouverez nos 9 chalets bois,&nbsp;group\u00e9s par 3 enti\u00e8rement \u00e9quip\u00e9s pour&nbsp;5 personnes. Ils sont ind\u00e9pendants du camping seulement \u00e0 500 m\u00e8tres \u00e0 l\u2019entr\u00e9e du camping . La location en chalet reste ouverte toute l\u2019ann\u00e9e.<\/p>\n","protected":false},"author":1,"featured_media":0,"parent":0,"menu_order":0,"comment_status":"closed","ping_status":"closed","template":"","meta":{"saved_in_kubio":true,"footnotes":""},"class_list":["post-117","page","type-page","status-publish","hentry"],"kubio_ai_page_context":{"short_desc":"","purpose":"general"},"_links":{"self":[{"href":"https:\/\/camping-lecastella.com\/index.php\/wp-json\/wp\/v2\/pages\/117","targetHints":{"allow":["GET"]}}],"collection":[{"href":"https:\/\/camping-lecastella.com\/index.php\/wp-json\/wp\/v2\/pages"}],"about":[{"href":"https:\/\/camping-lecastella.com\/index.php\/wp-json\/wp\/v2\/types\/page"}],"author":[{"embeddable":true,"href":"https:\/\/camping-lecastella.com\/index.php\/wp-json\/wp\/v2\/users\/1"}],"replies":[{"embeddable":true,"href":"https:\/\/camping-lecastella.com\/index.php\/wp-json\/wp\/v2\/comments?post=117"}],"version-history":[{"count":16,"href":"https:\/\/camping-lecastella.com\/index.php\/wp-json\/wp\/v2\/pages\/117\/revisions"}],"predecessor-version":[{"id":191,"href":"https:\/\/camping-lecastella.com\/index.php\/wp-json\/wp\/v2\/pages\/117\/revisions\/191"}],"wp:attachment":[{"href":"https:\/\/camping-lecastella.com\/index.php\/wp-json\/wp\/v2\/media?parent=117"}],"curies":[{"name":"wp","href":"https:\/\/api.w.org\/{rel}","templated":true}]}}