{"id":146,"date":"2026-02-12T10:20:01","date_gmt":"2026-02-12T10:20:01","guid":{"rendered":"https:\/\/camping-lecastella.com\/?page_id=146"},"modified":"2026-02-12T17:28:48","modified_gmt":"2026-02-12T17:28:48","slug":"decouvrir-lariege","status":"publish","type":"page","link":"https:\/\/camping-lecastella.com\/index.php\/decouvrir-lariege\/","title":{"rendered":"D\u00e9couvrir l&rsquo;Ari\u00e8ge"},"content":{"rendered":"\n\n\n\n\n<h2 class=\"wp-block-heading\">Aux alentours de Luzenac :<\/h2>\n\n\n\n<ul class=\"wp-block-list\">\n<li><a href=\"https:\/\/www.ariegepyrenees.com\/\">Visite de la carri\u00e8re de Talc<\/a><\/li>\n\n\n\n<li><a href=\"https:\/\/www.ariegepyrenees.com\/patrimoine-culturel\/chateau-de-lordat\/\">Visite du ch\u00e2teau de Lordat<\/a><\/li>\n\n\n\n<li><a href=\"https:\/\/www.tables-orientation-pyrenees.fr\/\">Table d&rsquo;orientation des Pyr\u00e9n\u00e9es<\/a><\/li>\n\n\n\n<li><a href=\"https:\/\/www.ariegepyrenees.com\/roadtrips-itineraires\/la-route-des-corniches\/\">Ballade \u00e0 pied ou en v\u00e9lo sur la corniche<\/a><\/li>\n\n\n\n<li><a href=\"https:\/\/www.la-ferme-aux-anes.com\/index.php\">Ballade avec la ferme aux \u00e2nes sur le village de UNAC<\/a><\/li>\n\n\n\n<li><a href=\"https:\/\/www.ariegepyrenees.com\/\">Aire d&rsquo;observation de Unac<\/a><\/li>\n<\/ul>\n\n\n\n<figure class=\"wp-block-embed is-type-video is-provider-youtube wp-block-embed-youtube wp-embed-aspect-16-9 wp-has-aspect-ratio\"><div class=\"wp-block-embed__wrapper\">\n<iframe loading=\"lazy\" title=\"CH\u00c2TEAU DE LORDAT Haute Ari\u00e8ge Teaser\" width=\"500\" height=\"281\" src=\"https:\/\/www.youtube.com\/embed\/FJIyqvwgwno?feature=oembed\" frameborder=\"0\" allow=\"accelerometer; autoplay; clipboard-write; encrypted-media; gyroscope; picture-in-picture; web-share\" referrerpolicy=\"strict-origin-when-cross-origin\" allowfullscreen><\/iframe>\n<\/div><\/figure>\n\n\n\n\n\n<h2 class=\"wp-block-heading\">Activit\u00e9s plein air : <\/h2>\n\n\n\n<ul class=\"wp-block-list\">\n<li><a href=\"https:\/\/www.ariegepyrenees.com\/preparer\/activites-nature-aventures\/\">Activit\u00e9s nature &amp; d&rsquo;aventure<\/a><\/li>\n\n\n\n<li><a href=\"https:\/\/www.ariegepyrenees.com\/une-journee-en-famille-a-orlu\/\">La maison des loups<\/a><\/li>\n\n\n\n<li><a href=\"https:\/\/www.akrobranchdorlu.com\/\">Parc AKROBRANCH d\u2019Orlu<\/a><\/li>\n\n\n\n<li><a href=\"https:\/\/www.ariegepyrenees.com\/preparer\/activites-nature-aventures\/lacs-bases-de-loisirs\/\">Les bases nautiques<\/a><\/li>\n\n\n\n<li><a href=\"https:\/\/www.ariegepyrenees.com\/loisir-sportif\/via-ferrata-du-vicdessos\/\">Via ferrata du Vicdessos<\/a><\/li>\n\n\n\n<li><a href=\"https:\/\/www.ariegepyrenees.com\/preparer\/faire-du-velo\/cyclo-sport\/top-5-des-cols-mythiques\/\">V\u00e9lo de route<\/a><\/li>\n\n\n\n<li><a href=\"https:\/\/www.ariegepyrenees.com\/preparer\/randonner\/top-de-la-rando-en-ariege\/\">Les randonn\u00e9es<\/a><\/li>\n<\/ul>\n\n\n\n\n\n<h2 class=\"wp-block-heading\">Les station de ski<\/h2>\n\n\n\n<ul class=\"wp-block-list\">\n<li><a href=\"https:\/\/www.ariegepyrenees.com\/preparer\/partir-a-la-neige\/les-stations-de-ski\/\">Ax les 3 Domaines<\/a><\/li>\n\n\n\n<li><a href=\"http:\/\/ariegepyrenees.com\/loisir-sportif\/ski-nordique-a-la-station-de-beille\/\">Plateau de Beille<\/a><\/li>\n\n\n\n<li><a href=\"https:\/\/www.pyrenees-ariegeoises.com\/\">Station Ascou<\/a><\/li>\n\n\n\n<li><a href=\"https:\/\/www.ariegepyrenees.com\/loisir-sportif\/ski-nordique-a-la-station-du-chioula-2\/\">Plateau du Chioula<\/a><\/li>\n<\/ul>\n\n\n\n<figure class=\"wp-block-embed is-type-video is-provider-youtube wp-block-embed-youtube wp-embed-aspect-16-9 wp-has-aspect-ratio\"><div class=\"wp-block-embed__wrapper\">\n<iframe loading=\"lazy\" title=\"Coup de c\u0153ur pour l&#039;Ari\u00e8ge - \u00c9chapp\u00e9es belles 4K\" width=\"500\" height=\"281\" src=\"https:\/\/www.youtube.com\/embed\/AQg-TfsxkT8?feature=oembed\" frameborder=\"0\" allow=\"accelerometer; autoplay; clipboard-write; encrypted-media; gyroscope; picture-in-picture; web-share\" referrerpolicy=\"strict-origin-when-cross-origin\" allowfullscreen><\/iframe>\n<\/div><\/figure>\n\n\n\n\n\n<h2 class=\"wp-block-heading\">Activit\u00e9s int\u00e9rieur<\/h2>\n\n\n\n<ul class=\"wp-block-list\">\n<li><a href=\"https:\/\/www.ariegepyrenees.com\/loisir-sportif\/les-bains-du-couloubret-centre-de-detente-en-eau-thermale\/\">Les bains de Couloubret<\/a><\/li>\n\n\n\n<li><a href=\"https:\/\/www.ariegepyrenees.com\/decouvrir\/incontournables\/chateaux\/\">La visite des ch\u00e2teaux de Foix<\/a><\/li>\n\n\n\n<li><a href=\"https:\/\/www.ariegepyrenees.com\/decouvrir\/incontournables\/grottes-prehistoire\/\">Les grottes<\/a><\/li>\n<\/ul>\n\n\n\n<figure class=\"wp-block-embed is-type-video is-provider-youtube wp-block-embed-youtube wp-embed-aspect-16-9 wp-has-aspect-ratio\"><div class=\"wp-block-embed__wrapper\">\n<iframe loading=\"lazy\" title=\"D\u00e9couvrez le Ch\u00e2teau de Foix : joyau m\u00e9di\u00e9val de l\u2019Ari\u00e8ge | MES ESCAPADES TV | 4K\" width=\"500\" height=\"281\" src=\"https:\/\/www.youtube.com\/embed\/TOewXEdUE60?feature=oembed\" frameborder=\"0\" allow=\"accelerometer; autoplay; clipboard-write; encrypted-media; gyroscope; picture-in-picture; web-share\" referrerpolicy=\"strict-origin-when-cross-origin\" allowfullscreen><\/iframe>\n<\/div><\/figure>\n\n\n\n\n\n<h2 class=\"wp-block-heading\">Les parcs<\/h2>\n\n\n\n<ul class=\"wp-block-list\">\n<li><a href=\"https:\/\/www.ariegepyrenees.com\/decouvrir\/incontournables\/grottes-prehistoire\/le-parc-de-la-prehistoire\/\">Le parc de la pr\u00e9histoire<\/a><\/li>\n\n\n\n<li><a href=\"https:\/\/www.ariegepyrenees.com\/patrimoine-culturel\/forges-de-pyrene\/\">Les forges de Pyr\u00e8ne<\/a><\/li>\n<\/ul>\n\n\n\n<div class=\"wp-block-columns is-layout-flex wp-container-core-columns-is-layout-28f84493 wp-block-columns-is-layout-flex\">\n<div class=\"wp-block-column is-vertically-aligned-center is-layout-flow wp-block-column-is-layout-flow\"><\/div>\n<\/div>\n","protected":false},"excerpt":{"rendered":"<p>Aux alentours de Luzenac : Activit\u00e9s plein air : Les station de ski Activit\u00e9s int\u00e9rieur Les parcs<\/p>\n","protected":false},"author":1,"featured_media":0,"parent":0,"menu_order":0,"comment_status":"closed","ping_status":"closed","template":"","meta":{"saved_in_kubio":true,"footnotes":""},"class_list":["post-146","page","type-page","status-publish","hentry"],"kubio_ai_page_context":{"short_desc":"","purpose":"general"},"_links":{"self":[{"href":"https:\/\/camping-lecastella.com\/index.php\/wp-json\/wp\/v2\/pages\/146","targetHints":{"allow":["GET"]}}],"collection":[{"href":"https:\/\/camping-lecastella.com\/index.php\/wp-json\/wp\/v2\/pages"}],"about":[{"href":"https:\/\/camping-lecastella.com\/index.php\/wp-json\/wp\/v2\/types\/page"}],"author":[{"embeddable":true,"href":"https:\/\/camping-lecastella.com\/index.php\/wp-json\/wp\/v2\/users\/1"}],"replies":[{"embeddable":true,"href":"https:\/\/camping-lecastella.com\/index.php\/wp-json\/wp\/v2\/comments?post=146"}],"version-history":[{"count":5,"href":"https:\/\/camping-lecastella.com\/index.php\/wp-json\/wp\/v2\/pages\/146\/revisions"}],"predecessor-version":[{"id":189,"href":"https:\/\/camping-lecastella.com\/index.php\/wp-json\/wp\/v2\/pages\/146\/revisions\/189"}],"wp:attachment":[{"href":"https:\/\/camping-lecastella.com\/index.php\/wp-json\/wp\/v2\/media?parent=146"}],"curies":[{"name":"wp","href":"https:\/\/api.w.org\/{rel}","templated":true}]}}